{"id":65,"date":"2018-05-19T19:48:57","date_gmt":"2018-05-19T17:48:57","guid":{"rendered":"http:\/\/www.nerdhead.de\/blog\/?page_id=65"},"modified":"2018-05-21T10:23:15","modified_gmt":"2018-05-21T08:23:15","slug":"datenschutzerklarung","status":"publish","type":"page","link":"https:\/\/www.nerdhead.de\/blog\/datenschutzerklarung\/","title":{"rendered":"Datenschutzerkl\u00e4rung"},"content":{"rendered":"<h3>Datenschutz<br \/>\n<span style=\"font-size: 16px;\">S\u00e4mtlicher Datenaustausch mit dieser Website erfolgt verl\u00fcsselt nach dem aktuellen Stand der Technik. Dies macht es f\u00fcr unberechtigte Personen sehr schwierig, die \u00fcbertragenen Informationen einzusehen.<\/span><\/h3>\n<h3>Cookies<br \/>\n<span style=\"font-size: 16px;\">Diese Website speichert keine Cookies. In diesem Zusammenhang werden auch keine Daten zum Zwecke der Analyse Ihres Surfverhaltens mit Drittanbietern oder Social Media Plattformen ausgetauscht.<\/span><\/h3>\n<p>Cookies sind kleine Textdateien mit Informationen auf Basis von Nutzeraktivit\u00e4ten des Benutzers, z.B. Besuchs-Pr\u00e4ferenzen und Webseiten-Einstellungen. Jeder Cookie besitzt eine maximale Lebensdauer. Nach Ablauf der Lebensdauer erfolgt die automatische L\u00f6schung. Die gespeicherten Cookies k\u00f6nnen vom Besucher jederzeit und f\u00fcr jede Website eingesehen, verwaltet und gel\u00f6scht werden.<\/p>\n<h3>Erfassung von allgemeinen Daten und Informationen<br \/>\n<span style=\"font-size: 16px;\">Eine Zugriffsprotokollierung (sog. Access-logs) erfolgt nicht. Es werden durch den Server lediglich sog. error-logs mit warn-level geschrieben. Diese Daten werden erfasst und gespeichert, um den ordnungsgem\u00e4\u00dfen Betrieb des Servers sicherzustellen und im Falle eines Angriffes auf den Server, Gefahren abzuwehren.<\/span><\/h3>\n<h3>Personenbezogene Daten<br \/>\n<span style=\"font-size: 16px;\">Die Webseite selbst erhebt keine Personenbezogenen Daten und verzichtet auf ein Profiling der Webbesucher.<\/span><\/h3>\n","protected":false},"excerpt":{"rendered":"<p>Datenschutz S\u00e4mtlicher Datenaustausch mit dieser Website erfolgt verl\u00fcsselt nach dem aktuellen Stand der Technik. Dies macht es f\u00fcr unberechtigte Personen sehr schwierig, die \u00fcbertragenen Informationen einzusehen. Cookies Diese Website speichert keine Cookies. In diesem Zusammenhang werden auch keine Daten zum &hellip; <a href=\"https:\/\/www.nerdhead.de\/blog\/datenschutzerklarung\/\">Continue reading <span class=\"meta-nav\">&rarr;<\/span><\/a><\/p>\n","protected":false},"author":1,"featured_media":0,"parent":0,"menu_order":0,"comment_status":"closed","ping_status":"closed","template":"","meta":{"footnotes":""},"class_list":["post-65","page","type-page","status-publish","hentry"],"_links":{"self":[{"href":"https:\/\/www.nerdhead.de\/blog\/wp-json\/wp\/v2\/pages\/65","targetHints":{"allow":["GET"]}}],"collection":[{"href":"https:\/\/www.nerdhead.de\/blog\/wp-json\/wp\/v2\/pages"}],"about":[{"href":"https:\/\/www.nerdhead.de\/blog\/wp-json\/wp\/v2\/types\/page"}],"author":[{"embeddable":true,"href":"https:\/\/www.nerdhead.de\/blog\/wp-json\/wp\/v2\/users\/1"}],"replies":[{"embeddable":true,"href":"https:\/\/www.nerdhead.de\/blog\/wp-json\/wp\/v2\/comments?post=65"}],"version-history":[{"count":4,"href":"https:\/\/www.nerdhead.de\/blog\/wp-json\/wp\/v2\/pages\/65\/revisions"}],"predecessor-version":[{"id":72,"href":"https:\/\/www.nerdhead.de\/blog\/wp-json\/wp\/v2\/pages\/65\/revisions\/72"}],"wp:attachment":[{"href":"https:\/\/www.nerdhead.de\/blog\/wp-json\/wp\/v2\/media?parent=65"}],"curies":[{"name":"wp","href":"https:\/\/api.w.org\/{rel}","templated":true}]}}